{"id":193,"date":"2024-09-30T15:22:29","date_gmt":"2024-09-30T19:22:29","guid":{"rendered":"https:\/\/www.3pl-quebec.com\/our-services\/"},"modified":"2024-10-24T10:17:01","modified_gmt":"2024-10-24T14:17:01","slug":"nos-services","status":"publish","type":"page","link":"https:\/\/www.3pl-quebec.com\/fr\/nos-services\/","title":{"rendered":"Services"},"content":{"rendered":"\t\t<div data-elementor-type=\"wp-page\" data-elementor-id=\"193\" class=\"elementor elementor-193 elementor-39\" data-elementor-post-type=\"page\">\n\t\t\t\t\t\t<section class=\"wd-negative-gap elementor-section elementor-top-section elementor-element elementor-element-54d16995 elementor-section-boxed elementor-section-height-default elementor-section-height-default\" data-id=\"54d16995\" data-element_type=\"section\">\n\t\t\t\t\t\t<div class=\"elementor-container elementor-column-gap-default\">\n\t\t\t\t\t<div class=\"elementor-column elementor-col-100 elementor-top-column elementor-element elementor-element-1b1dc30d\" data-id=\"1b1dc30d\" data-element_type=\"column\">\n\t\t\t<div class=\"elementor-widget-wrap\">\n\t\t\t\t\t\t\t<\/div>\n\t\t<\/div>\n\t\t\t\t\t<\/div>\n\t\t<\/section>\n\t\t\t\t<section class=\"wd-negative-gap elementor-section elementor-top-section elementor-element elementor-element-30a46d6d elementor-section-boxed elementor-section-height-default elementor-section-height-default\" data-id=\"30a46d6d\" data-element_type=\"section\">\n\t\t\t\t\t\t<div class=\"elementor-container elementor-column-gap-default\">\n\t\t\t\t\t<div class=\"elementor-column elementor-col-100 elementor-top-column elementor-element elementor-element-727a9924\" data-id=\"727a9924\" data-element_type=\"column\">\n\t\t\t<div class=\"elementor-widget-wrap elementor-element-populated\">\n\t\t\t\t\t\t<div class=\"elementor-element elementor-element-6d877c19 elementor-widget elementor-widget-slider_revolution\" data-id=\"6d877c19\" data-element_type=\"widget\" data-widget_type=\"slider_revolution.default\">\n\t\t\t\t<div class=\"elementor-widget-container\">\n\t\t\t\t\t\n\t\t<div class=\"wp-block-themepunch-revslider\">\n\t\t\t\t<p class=\"rs-p-wp-fix\"><\/p>\n\t\t\t\t<sr7-module data-alias=\"Service-FR\" data-id=\"9\" id=\"SR7_9_1\" class=\"rs-ov-hidden\" data-version=\"6.7.34\">\n\t\t\t\t\t<sr7-adjuster><\/sr7-adjuster>\n\t\t\t\t\t<sr7-content>\n\t\t\t\t\t\t<sr7-slide id=\"SR7_9_1-9\" data-key=\"9\">\n\t\t\t\t\t\t\t<a id=\"SR7_9_1-9-1\" class=\"sr7-layer\" href=\"https:\/\/www.a13pl.com\/fr\/nous-joindre\/\" target=\"_self\">Contactez-Nous<\/a>\n\t\t\t\t\t\t\t<sr7-txt id=\"SR7_9_1-9-2\" class=\"sr7-layer\">SERVICES 3PL COMPR\u00c9HENSIFS<\/sr7-txt>\n\t\t\t\t\t\t\t<sr7-txt id=\"SR7_9_1-9-5\" class=\"sr7-layer\">Du stockage \u00e0 la distribution, nous g\u00e9rons tous les aspects de votre logistique, garantissant des livraisons ponctuelles et un contr\u00f4le pr\u00e9cis des stocks.<\/sr7-txt>\n\t\t\t\t\t\t<\/sr7-slide>\n\t\t\t\t\t\t<sr7-slide id=\"SR7_9_1-10\" data-key=\"10\">\n\t\t\t\t\t\t<\/sr7-slide>\n\t\t\t\t\t<\/sr7-content>\n\t\t\t\t<\/sr7-module>\n\t\t\t\t<script>\n\t\t\t\t\tSR7.PMH ??={}; SR7.PMH[\"SR7_9_1\"] = {cn:100,state:false,fn: function() { if (_tpt!==undefined && _tpt.prepareModuleHeight !== undefined) {  _tpt.prepareModuleHeight({id:\"SR7_9_1\",el:[650,650,768,960,720],type:'standard',shdw:'0',gh:[650,650,537,408,252],gw:[1240,1240,1024,778,480],vpt:['100px'],size:{fullWidth:true, fullHeight:false},mh:'0',onh:0,onw:0,bg:{color:'{\"orig\":\"transparent\",\"type\":\"solid\",\"string\":\"transparent\"}'}});   SR7.PMH[\"SR7_9_1\"].state=true;} else if(SR7.PMH[\"SR7_9_1\"].cn-->0)\tsetTimeout( SR7.PMH[\"SR7_9_1\"].fn,19);}};SR7.PMH[\"SR7_9_1\" ].fn();\n\t\t\t\t<\/script>\n<\/div>\n\n\t\t\t\t\t\t<\/div>\n\t\t\t\t<\/div>\n\t\t\t\t\t<\/div>\n\t\t<\/div>\n\t\t\t\t\t<\/div>\n\t\t<\/section>\n\t\t\t\t<section class=\"elementor-section elementor-top-section elementor-element elementor-element-114f340e wd-section-stretch elementor-section-boxed elementor-section-height-default elementor-section-height-default\" data-id=\"114f340e\" data-element_type=\"section\">\n\t\t\t\t\t\t<div class=\"elementor-container elementor-column-gap-default\">\n\t\t\t\t\t<div class=\"elementor-column elementor-col-50 elementor-top-column elementor-element elementor-element-59ec35fd\" data-id=\"59ec35fd\" data-element_type=\"column\">\n\t\t\t<div class=\"elementor-widget-wrap elementor-element-populated\">\n\t\t\t\t\t\t<div class=\"elementor-element elementor-element-3d33b7c1 elementor-widget elementor-widget-heading\" data-id=\"3d33b7c1\" data-element_type=\"widget\" data-widget_type=\"heading.default\">\n\t\t\t\t<div class=\"elementor-widget-container\">\n\t\t\t\t\t<h2 class=\"elementor-heading-title elementor-size-default\">NOS SERVICES<\/h2>\t\t\t\t<\/div>\n\t\t\t\t<\/div>\n\t\t\t\t<div class=\"elementor-element elementor-element-581c51a2 elementor-widget elementor-widget-heading\" data-id=\"581c51a2\" data-element_type=\"widget\" data-widget_type=\"heading.default\">\n\t\t\t\t<div class=\"elementor-widget-container\">\n\t\t\t\t\t<h4 class=\"elementor-heading-title elementor-size-default\">Associez-vous \u00e0 A1-3PL pour la Croissance et le Succ\u00e8s de votre entreprise<\/h4>\t\t\t\t<\/div>\n\t\t\t\t<\/div>\n\t\t\t\t<div class=\"elementor-element elementor-element-41b063b1 color-scheme-inherit text-left elementor-widget elementor-widget-text-editor\" data-id=\"41b063b1\" data-element_type=\"widget\" data-widget_type=\"text-editor.default\">\n\t\t\t\t<div class=\"elementor-widget-container\">\n\t\t\t\t\t\t\t\t\t<p>Chez A1-3PL, nous nous engageons \u00e0 soutenir les entreprises dans leur r\u00e9ussite gr\u00e2ce \u00e0 des solutions logistiques novatrices qui favorisent la croissance. Nous mettons \u00e0 votre disposition une expertise approfondie et des ressources compl\u00e8tes pour optimiser votre cha\u00eene d\u2019approvisionnement, couvrant tout, de la gestion des stocks \u00e0 l\u2019ex\u00e9cution des commandes et aux services de centres de distribution. Collaborez avec nous d\u00e8s aujourd&rsquo;hui pour exploiter tout le potentiel de vos op\u00e9rations logistiques.<\/p>\t\t\t\t\t\t\t\t<\/div>\n\t\t\t\t<\/div>\n\t\t\t\t\t<\/div>\n\t\t<\/div>\n\t\t\t\t<div class=\"elementor-column elementor-col-50 elementor-top-column elementor-element elementor-element-62f1dc79\" data-id=\"62f1dc79\" data-element_type=\"column\" data-settings=\"{&quot;background_background&quot;:&quot;classic&quot;}\">\n\t\t\t<div class=\"elementor-widget-wrap elementor-element-populated\">\n\t\t\t\t\t\t<div class=\"elementor-element elementor-element-2748b584 elementor-widget elementor-widget-image\" data-id=\"2748b584\" data-element_type=\"widget\" data-widget_type=\"image.default\">\n\t\t\t\t<div class=\"elementor-widget-container\">\n\t\t\t\t\t\t\t\t\t\t\t\t\t\t\t<img fetchpriority=\"high\" decoding=\"async\" width=\"1920\" height=\"1080\" src=\"https:\/\/www.3pl-quebec.com\/wp-content\/uploads\/2024\/10\/services-img-1920x1080-1.jpg\" class=\"attachment-full size-full wp-image-149\" alt=\"\" srcset=\"https:\/\/www.3pl-quebec.com\/wp-content\/uploads\/2024\/10\/services-img-1920x1080-1.jpg 1920w, https:\/\/www.3pl-quebec.com\/wp-content\/uploads\/2024\/10\/services-img-1920x1080-1-300x169.jpg 300w, https:\/\/www.3pl-quebec.com\/wp-content\/uploads\/2024\/10\/services-img-1920x1080-1-1024x576.jpg 1024w, https:\/\/www.3pl-quebec.com\/wp-content\/uploads\/2024\/10\/services-img-1920x1080-1-768x432.jpg 768w, https:\/\/www.3pl-quebec.com\/wp-content\/uploads\/2024\/10\/services-img-1920x1080-1-1536x864.jpg 1536w\" sizes=\"(max-width: 1920px) 100vw, 1920px\" title=\"services-img-1920x1080-1jpg | 3PL Quebec\" \/>\t\t\t\t\t\t\t\t\t\t\t\t\t\t\t<\/div>\n\t\t\t\t<\/div>\n\t\t\t\t\t<\/div>\n\t\t<\/div>\n\t\t\t\t\t<\/div>\n\t\t<\/section>\n\t\t\t\t<section class=\"wd-negative-gap elementor-section elementor-top-section elementor-element elementor-element-6e5adf09 wd-section-stretch elementor-section-boxed elementor-section-height-default elementor-section-height-default\" data-id=\"6e5adf09\" data-element_type=\"section\" data-settings=\"{&quot;background_background&quot;:&quot;classic&quot;}\">\n\t\t\t\t\t\t\t<div class=\"elementor-background-overlay\"><\/div>\n\t\t\t\t\t\t\t<div class=\"elementor-container elementor-column-gap-default\">\n\t\t\t\t\t<div class=\"elementor-column elementor-col-100 elementor-top-column elementor-element elementor-element-7a349172\" data-id=\"7a349172\" data-element_type=\"column\">\n\t\t\t<div class=\"elementor-widget-wrap elementor-element-populated\">\n\t\t\t\t\t\t<section class=\"elementor-section elementor-inner-section elementor-element elementor-element-2b1ee782 wd-section-stretch-content elementor-section-boxed elementor-section-height-default elementor-section-height-default\" data-id=\"2b1ee782\" data-element_type=\"section\">\n\t\t\t\t\t\t<div class=\"elementor-container elementor-column-gap-default\">\n\t\t\t\t\t<div class=\"elementor-column elementor-col-50 elementor-inner-column elementor-element elementor-element-33aeb728\" data-id=\"33aeb728\" data-element_type=\"column\">\n\t\t\t<div class=\"elementor-widget-wrap elementor-element-populated\">\n\t\t\t\t\t\t<div class=\"elementor-element elementor-element-4a294152 elementor-widget elementor-widget-image\" data-id=\"4a294152\" data-element_type=\"widget\" data-widget_type=\"image.default\">\n\t\t\t\t<div class=\"elementor-widget-container\">\n\t\t\t\t\t\t\t\t\t\t\t\t\t\t\t<img decoding=\"async\" width=\"1024\" height=\"576\" src=\"https:\/\/www.3pl-quebec.com\/wp-content\/uploads\/2024\/10\/Other-Warehouse-1024x576.jpg\" class=\"attachment-large size-large wp-image-151\" alt=\"\" srcset=\"https:\/\/www.3pl-quebec.com\/wp-content\/uploads\/2024\/10\/Other-Warehouse-1024x576.jpg 1024w, https:\/\/www.3pl-quebec.com\/wp-content\/uploads\/2024\/10\/Other-Warehouse-300x169.jpg 300w, https:\/\/www.3pl-quebec.com\/wp-content\/uploads\/2024\/10\/Other-Warehouse-768x432.jpg 768w, https:\/\/www.3pl-quebec.com\/wp-content\/uploads\/2024\/10\/Other-Warehouse-1536x864.jpg 1536w, https:\/\/www.3pl-quebec.com\/wp-content\/uploads\/2024\/10\/Other-Warehouse.jpg 1920w\" sizes=\"(max-width: 1024px) 100vw, 1024px\" title=\"Other-Warehousejpg | 3PL Quebec\" \/>\t\t\t\t\t\t\t\t\t\t\t\t\t\t\t<\/div>\n\t\t\t\t<\/div>\n\t\t\t\t\t<\/div>\n\t\t<\/div>\n\t\t\t\t<div class=\"elementor-column elementor-col-50 elementor-inner-column elementor-element elementor-element-640bce6c\" data-id=\"640bce6c\" data-element_type=\"column\">\n\t\t\t<div class=\"elementor-widget-wrap elementor-element-populated\">\n\t\t\t\t\t\t<div class=\"elementor-element elementor-element-75ace32d elementor-widget elementor-widget-heading\" data-id=\"75ace32d\" data-element_type=\"widget\" data-widget_type=\"heading.default\">\n\t\t\t\t<div class=\"elementor-widget-container\">\n\t\t\t\t\t<h2 class=\"elementor-heading-title elementor-size-default\">Industries<\/h2>\t\t\t\t<\/div>\n\t\t\t\t<\/div>\n\t\t\t\t<div class=\"elementor-element elementor-element-3488b9c color-scheme-inherit text-left elementor-widget elementor-widget-text-editor\" data-id=\"3488b9c\" data-element_type=\"widget\" data-widget_type=\"text-editor.default\">\n\t\t\t\t<div class=\"elementor-widget-container\">\n\t\t\t\t\t\t\t\t\t<p>Chez A1-3PL, nous sommes fiers d\u2019offrir des solutions logistiques de haute qualit\u00e9, sp\u00e9cialement con\u00e7ues pour r\u00e9pondre aux besoins uniques de diff\u00e9rentes industries. Gr\u00e2ce \u00e0 notre expertise vari\u00e9e, nous desservons un large \u00e9ventail de secteurs, assurant ainsi des op\u00e9rations logistiques efficaces et une gestion claire de la cha\u00eene d\u2019approvisionnement.<\/p>\t\t\t\t\t\t\t\t<\/div>\n\t\t\t\t<\/div>\n\t\t\t\t\t<\/div>\n\t\t<\/div>\n\t\t\t\t\t<\/div>\n\t\t<\/section>\n\t\t\t\t\t<\/div>\n\t\t<\/div>\n\t\t\t\t\t<\/div>\n\t\t<\/section>\n\t\t\t\t<section class=\"wd-negative-gap elementor-section elementor-top-section elementor-element elementor-element-27594860 elementor-section-boxed elementor-section-height-default elementor-section-height-default\" data-id=\"27594860\" data-element_type=\"section\">\n\t\t\t\t\t\t<div class=\"elementor-container elementor-column-gap-default\">\n\t\t\t\t\t<div class=\"elementor-column elementor-col-100 elementor-top-column elementor-element elementor-element-724fde4d\" data-id=\"724fde4d\" data-element_type=\"column\">\n\t\t\t<div class=\"elementor-widget-wrap elementor-element-populated\">\n\t\t\t\t\t\t<div class=\"elementor-element elementor-element-7ae79706 elementor-widget elementor-widget-spacer\" data-id=\"7ae79706\" data-element_type=\"widget\" data-widget_type=\"spacer.default\">\n\t\t\t\t<div class=\"elementor-widget-container\">\n\t\t\t\t\t\t\t<div class=\"elementor-spacer\">\n\t\t\t<div class=\"elementor-spacer-inner\"><\/div>\n\t\t<\/div>\n\t\t\t\t\t\t<\/div>\n\t\t\t\t<\/div>\n\t\t\t\t\t<\/div>\n\t\t<\/div>\n\t\t\t\t\t<\/div>\n\t\t<\/section>\n\t\t\t\t<section class=\"elementor-section elementor-top-section elementor-element elementor-element-4d24995c wd-section-stretch elementor-section-boxed elementor-section-height-default elementor-section-height-default\" data-id=\"4d24995c\" data-element_type=\"section\">\n\t\t\t\t\t\t<div class=\"elementor-container elementor-column-gap-default\">\n\t\t\t\t\t<div class=\"elementor-column elementor-col-100 elementor-top-column elementor-element elementor-element-2dbc6723\" data-id=\"2dbc6723\" data-element_type=\"column\">\n\t\t\t<div class=\"elementor-widget-wrap elementor-element-populated\">\n\t\t\t\t\t\t<div class=\"elementor-element elementor-element-1ae7d8da elementor-widget elementor-widget-heading\" data-id=\"1ae7d8da\" data-element_type=\"widget\" data-widget_type=\"heading.default\">\n\t\t\t\t<div class=\"elementor-widget-container\">\n\t\t\t\t\t<h2 class=\"elementor-heading-title elementor-size-default\">Nos services de 3PL<\/h2>\t\t\t\t<\/div>\n\t\t\t\t<\/div>\n\t\t\t\t<section class=\"wd-negative-gap elementor-section elementor-inner-section elementor-element elementor-element-38b0109c elementor-section-boxed elementor-section-height-default elementor-section-height-default\" data-id=\"38b0109c\" data-element_type=\"section\">\n\t\t\t\t\t\t<div class=\"elementor-container elementor-column-gap-default\">\n\t\t\t\t\t<div class=\"elementor-column elementor-col-50 elementor-inner-column elementor-element elementor-element-68b0287e\" data-id=\"68b0287e\" data-element_type=\"column\">\n\t\t\t<div class=\"elementor-widget-wrap elementor-element-populated\">\n\t\t\t\t\t\t<div class=\"elementor-element elementor-element-593bcc02 elementor-widget elementor-widget-heading\" data-id=\"593bcc02\" data-element_type=\"widget\" data-widget_type=\"heading.default\">\n\t\t\t\t<div class=\"elementor-widget-container\">\n\t\t\t\t\t<h4 class=\"elementor-heading-title elementor-size-default\">Solutions de stockage<\/h4>\t\t\t\t<\/div>\n\t\t\t\t<\/div>\n\t\t\t\t<div class=\"elementor-element elementor-element-255beda3 color-scheme-inherit text-left elementor-widget elementor-widget-text-editor\" data-id=\"255beda3\" data-element_type=\"widget\" data-widget_type=\"text-editor.default\">\n\t\t\t\t<div class=\"elementor-widget-container\">\n\t\t\t\t\t\t\t\t\t<p>D\u00e9posez vos marchandises dans nos entrep\u00f4ts modernes et s\u00e9curis\u00e9s. Avec nos syst\u00e8mes de gestion des inventaires de pointe, nous garantissons un stockage structur\u00e9 et facilement accessible, adapt\u00e9 \u00e0 vos besoins \u00e0 court ou long terme.<\/p>\t\t\t\t\t\t\t\t<\/div>\n\t\t\t\t<\/div>\n\t\t\t\t\t<\/div>\n\t\t<\/div>\n\t\t\t\t<div class=\"elementor-column elementor-col-50 elementor-inner-column elementor-element elementor-element-1113ff3\" data-id=\"1113ff3\" data-element_type=\"column\">\n\t\t\t<div class=\"elementor-widget-wrap elementor-element-populated\">\n\t\t\t\t\t\t<div class=\"elementor-element elementor-element-3d45e428 elementor-widget elementor-widget-heading\" data-id=\"3d45e428\" data-element_type=\"widget\" data-widget_type=\"heading.default\">\n\t\t\t\t<div class=\"elementor-widget-container\">\n\t\t\t\t\t<h4 class=\"elementor-heading-title elementor-size-default\">Gestion strat\u00e9gique de la distribution<\/h4>\t\t\t\t<\/div>\n\t\t\t\t<\/div>\n\t\t\t\t<div class=\"elementor-element elementor-element-5dfa1128 color-scheme-inherit text-left elementor-widget elementor-widget-text-editor\" data-id=\"5dfa1128\" data-element_type=\"widget\" data-widget_type=\"text-editor.default\">\n\t\t\t\t<div class=\"elementor-widget-container\">\n\t\t\t\t\t\t\t\t\t<p>Optimisez l\u2019efficacit\u00e9 de votre cha\u00eene d\u2019approvisionnement gr\u00e2ce \u00e0 nos centres id\u00e9alement situ\u00e9s. Diminuez les d\u00e9lais et les co\u00fbts de transport tout en am\u00e9liorant la performance. Nos services sur mesure soutiennent l&rsquo;expansion vers de nouveaux march\u00e9s et l&rsquo;optimisation des r\u00e9seaux en place.<\/p>\t\t\t\t\t\t\t\t<\/div>\n\t\t\t\t<\/div>\n\t\t\t\t\t<\/div>\n\t\t<\/div>\n\t\t\t\t\t<\/div>\n\t\t<\/section>\n\t\t\t\t<section class=\"wd-negative-gap elementor-section elementor-inner-section elementor-element elementor-element-70234007 elementor-section-boxed elementor-section-height-default elementor-section-height-default\" data-id=\"70234007\" data-element_type=\"section\">\n\t\t\t\t\t\t<div class=\"elementor-container elementor-column-gap-default\">\n\t\t\t\t\t<div class=\"elementor-column elementor-col-50 elementor-inner-column elementor-element elementor-element-914a086\" data-id=\"914a086\" data-element_type=\"column\">\n\t\t\t<div class=\"elementor-widget-wrap elementor-element-populated\">\n\t\t\t\t\t\t<div class=\"elementor-element elementor-element-724dd1b2 elementor-widget elementor-widget-heading\" data-id=\"724dd1b2\" data-element_type=\"widget\" data-widget_type=\"heading.default\">\n\t\t\t\t<div class=\"elementor-widget-container\">\n\t\t\t\t\t<h4 class=\"elementor-heading-title elementor-size-default\">Gestion avanc\u00e9e des inventaires<\/h4>\t\t\t\t<\/div>\n\t\t\t\t<\/div>\n\t\t\t\t<div class=\"elementor-element elementor-element-1b99175d color-scheme-inherit text-left elementor-widget elementor-widget-text-editor\" data-id=\"1b99175d\" data-element_type=\"widget\" data-widget_type=\"text-editor.default\">\n\t\t\t\t<div class=\"elementor-widget-container\">\n\t\t\t\t\t\t\t\t\t<p>Am\u00e9liorez la gestion de vos inventaires gr\u00e2ce \u00e0 nos solutions d&rsquo;entreposage de pointe. Profitez d&rsquo;un suivi en temps r\u00e9el pour une visibilit\u00e9 totale, d&rsquo;un stockage bien organis\u00e9 pour un acc\u00e8s facile, et d&rsquo;une s\u00e9curit\u00e9 renforc\u00e9e pour garantir la protection de vos marchandises \u00e0 tout moment.<\/p>\t\t\t\t\t\t\t\t<\/div>\n\t\t\t\t<\/div>\n\t\t\t\t\t<\/div>\n\t\t<\/div>\n\t\t\t\t<div class=\"elementor-column elementor-col-50 elementor-inner-column elementor-element elementor-element-36197892\" data-id=\"36197892\" data-element_type=\"column\">\n\t\t\t<div class=\"elementor-widget-wrap elementor-element-populated\">\n\t\t\t\t\t\t<div class=\"elementor-element elementor-element-3a5d4667 elementor-widget elementor-widget-heading\" data-id=\"3a5d4667\" data-element_type=\"widget\" data-widget_type=\"heading.default\">\n\t\t\t\t<div class=\"elementor-widget-container\">\n\t\t\t\t\t<h4 class=\"elementor-heading-title elementor-size-default\">Gestion compl\u00e8te des commandes et des livraisons<\/h4>\t\t\t\t<\/div>\n\t\t\t\t<\/div>\n\t\t\t\t<div class=\"elementor-element elementor-element-4aa5b070 color-scheme-inherit text-left elementor-widget elementor-widget-text-editor\" data-id=\"4aa5b070\" data-element_type=\"widget\" data-widget_type=\"text-editor.default\">\n\t\t\t\t<div class=\"elementor-widget-container\">\n\t\t\t\t\t\t\t\t\t<p>Garantissez la satisfaction compl\u00e8te de vos clients gr\u00e2ce \u00e0 une gestion pr\u00e9cise, rapide et fiable des commandes, depuis la r\u00e9ception jusqu&rsquo;\u00e0 la livraison. Notre approche int\u00e9gr\u00e9e favorise la fid\u00e9lit\u00e9 des clients et stimule les achats r\u00e9currents.<\/p>\t\t\t\t\t\t\t\t<\/div>\n\t\t\t\t<\/div>\n\t\t\t\t\t<\/div>\n\t\t<\/div>\n\t\t\t\t\t<\/div>\n\t\t<\/section>\n\t\t\t\t<section class=\"wd-negative-gap elementor-section elementor-inner-section elementor-element elementor-element-6fad38d4 elementor-section-boxed elementor-section-height-default elementor-section-height-default\" data-id=\"6fad38d4\" data-element_type=\"section\">\n\t\t\t\t\t\t<div class=\"elementor-container elementor-column-gap-default\">\n\t\t\t\t\t<div class=\"elementor-column elementor-col-50 elementor-inner-column elementor-element elementor-element-7e883f36\" data-id=\"7e883f36\" data-element_type=\"column\">\n\t\t\t<div class=\"elementor-widget-wrap elementor-element-populated\">\n\t\t\t\t\t\t<div class=\"elementor-element elementor-element-5de60d5f elementor-widget elementor-widget-heading\" data-id=\"5de60d5f\" data-element_type=\"widget\" data-widget_type=\"heading.default\">\n\t\t\t\t<div class=\"elementor-widget-container\">\n\t\t\t\t\t<h4 class=\"elementor-heading-title elementor-size-default\">Technologie avanc\u00e9e et distribution personnalis\u00e9e<\/h4>\t\t\t\t<\/div>\n\t\t\t\t<\/div>\n\t\t\t\t<div class=\"elementor-element elementor-element-5702ee20 color-scheme-inherit text-left elementor-widget elementor-widget-text-editor\" data-id=\"5702ee20\" data-element_type=\"widget\" data-widget_type=\"text-editor.default\">\n\t\t\t\t<div class=\"elementor-widget-container\">\n\t\t\t\t\t\t\t\t\t<p>Nos syst\u00e8mes WMS et TMS fournissent un suivi en temps r\u00e9el \u00e0 travers un portail web intuitif. Avec une \u00e9quipe d\u00e9vou\u00e9e, un support r\u00e9actif et des solutions flexibles, nous assurons une gestion fluide et personnalis\u00e9e de vos besoins en inventaire.<\/p>\t\t\t\t\t\t\t\t<\/div>\n\t\t\t\t<\/div>\n\t\t\t\t\t<\/div>\n\t\t<\/div>\n\t\t\t\t<div class=\"elementor-column elementor-col-50 elementor-inner-column elementor-element elementor-element-4a96338c\" data-id=\"4a96338c\" data-element_type=\"column\">\n\t\t\t<div class=\"elementor-widget-wrap elementor-element-populated\">\n\t\t\t\t\t\t<div class=\"elementor-element elementor-element-260da753 elementor-widget elementor-widget-heading\" data-id=\"260da753\" data-element_type=\"widget\" data-widget_type=\"heading.default\">\n\t\t\t\t<div class=\"elementor-widget-container\">\n\t\t\t\t\t<h4 class=\"elementor-heading-title elementor-size-default\">Solutions logistiques et de distribution int\u00e9gr\u00e9es<\/h4>\t\t\t\t<\/div>\n\t\t\t\t<\/div>\n\t\t\t\t<div class=\"elementor-element elementor-element-30d0fb16 color-scheme-inherit text-left elementor-widget elementor-widget-text-editor\" data-id=\"30d0fb16\" data-element_type=\"widget\" data-widget_type=\"text-editor.default\">\n\t\t\t\t<div class=\"elementor-widget-container\">\n\t\t\t\t\t\t\t\t\t<div class=\"flex max-w-full flex-col flex-grow\"><div class=\"min-h-8 text-message flex w-full flex-col items-end gap-2 whitespace-normal break-words [.text-message+&amp;]:mt-5\" dir=\"auto\" data-message-author-role=\"assistant\" data-message-id=\"703247fa-00c1-4b56-be29-74d6b130ed34\" data-message-model-slug=\"gpt-4o-mini\"><div class=\"flex w-full flex-col gap-1 empty:hidden first:pt-[3px]\"><div class=\"markdown prose w-full break-words dark:prose-invert light\"><p>Nous proposons des services de cross-docking pour optimiser les co\u00fbts, garantir une pr\u00e9paration des commandes pr\u00e9cise, assurer un tri efficace et fournir une livraison fiable du dernier kilom\u00e8tre. Gr\u00e2ce \u00e0 un stockage s\u00e9curis\u00e9, une gestion en temps r\u00e9el des inventaires et une gamme d&rsquo;options de transport, nous garantissons une logistique mondiale fluide et efficace.<\/p><\/div><\/div><\/div><\/div>\t\t\t\t\t\t\t\t<\/div>\n\t\t\t\t<\/div>\n\t\t\t\t\t<\/div>\n\t\t<\/div>\n\t\t\t\t\t<\/div>\n\t\t<\/section>\n\t\t\t\t\t<\/div>\n\t\t<\/div>\n\t\t\t\t\t<\/div>\n\t\t<\/section>\n\t\t\t\t<\/div>\n\t\t","protected":false},"excerpt":{"rendered":"<p>NOS SERVICES Associez-vous \u00e0 A1-3PL pour la Croissance et le Succ\u00e8s de votre entreprise Chez A1-3PL, nous nous engageons \u00e0<\/p>\n","protected":false},"author":1,"featured_media":0,"parent":0,"menu_order":0,"comment_status":"closed","ping_status":"closed","template":"","meta":{"footnotes":""},"class_list":["post-193","page","type-page","status-publish","hentry"],"aioseo_notices":[],"_links":{"self":[{"href":"https:\/\/www.3pl-quebec.com\/fr\/wp-json\/wp\/v2\/pages\/193","targetHints":{"allow":["GET"]}}],"collection":[{"href":"https:\/\/www.3pl-quebec.com\/fr\/wp-json\/wp\/v2\/pages"}],"about":[{"href":"https:\/\/www.3pl-quebec.com\/fr\/wp-json\/wp\/v2\/types\/page"}],"author":[{"embeddable":true,"href":"https:\/\/www.3pl-quebec.com\/fr\/wp-json\/wp\/v2\/users\/1"}],"replies":[{"embeddable":true,"href":"https:\/\/www.3pl-quebec.com\/fr\/wp-json\/wp\/v2\/comments?post=193"}],"version-history":[{"count":10,"href":"https:\/\/www.3pl-quebec.com\/fr\/wp-json\/wp\/v2\/pages\/193\/revisions"}],"predecessor-version":[{"id":277,"href":"https:\/\/www.3pl-quebec.com\/fr\/wp-json\/wp\/v2\/pages\/193\/revisions\/277"}],"wp:attachment":[{"href":"https:\/\/www.3pl-quebec.com\/fr\/wp-json\/wp\/v2\/media?parent=193"}],"curies":[{"name":"wp","href":"https:\/\/api.w.org\/{rel}","templated":true}]}}